{"id":14,"date":"2017-05-01T00:24:51","date_gmt":"2017-04-30T22:24:51","guid":{"rendered":"https:\/\/www.dg2bsl.de\/cms\/?page_id=14"},"modified":"2022-09-06T21:32:13","modified_gmt":"2022-09-06T19:32:13","slug":"kontakt","status":"publish","type":"page","link":"https:\/\/www.dg2bsl.de\/cms\/kontakt\/","title":{"rendered":"Kontakt"},"content":{"rendered":"<p><strong>Dies ist eine private \u2013 nicht kommerzielle \u2013 Homepage,<br \/>\ndaher wurde auf weitere Angaben verzichtet!<\/strong><\/p>\n<p><strong>Web:<\/strong> dg2bsl.de<br \/>\n<strong>eM\u00fcll:<\/strong> <span style=\"color: #999999;\">k o n t a k t 2 0 2 2 (\u00e4tt) d g 2 b s l (Punkt) de<\/span><\/p>\n<p><!--\n<strong>eMail:<\/strong> dg2bsl (Punkt) de (\u00e4tt) web (Punkt) de\n\n<strong>Kontaktformular:<\/strong>\n\n[contact-form-7 id=\"10\" title=\"Contact form 1\"]\n--><br \/>\n<strong>Nutzung der angegebenen Daten:<\/strong><\/p>\n<p>Die Daten (inkl. der Daten aus der Whois-Datenbank) dienen ausschliesslich zur Kontaktaufnahme. Die Nutzung, Speicherung, Weitergabe, Kopieren und Wiederver\u00f6ffentlichung der Daten insbesondere f\u00fcr Whois-Datenbanken, Bewertungsportale, Werbung, Meinungsforschungsumfragen etc. ist nicht gestattet!<\/p>\n<p><strong>Copyright, Urheberrecht, Rechtliches:<\/strong><\/p>\n<p>Alle Elemente dieser Homepage (Bilder, Videos, Texte, Hintergrundsound) unterliegen dem Urheberrecht und d\u00fcrfen nicht ohne vorherige Genehmigung kopiert, gespeichert, wiederver\u00f6ffentlicht oder f\u00fcr andere Zwecke benutzt werden.<\/p>\n<p>F\u00fcr die Inhalte sind die jeweiligen Autoren bzw. Beitragsersteller verantwortlich, dies gilt besonders f\u00fcr Beitr\u00e4ge in dem zuk\u00fcnftigen Forum.<\/p>\n<p>Markennamen geh\u00f6ren den jeweiligen Rechteinhabern. Sollten Rechte Dritter verletzt worden sein, wird um einen Hinweis <strong>OHNE Kostennote und die Einschaltung eines Rechtsbeistandes<\/strong> ihrerseits gebeten, die betroffenen Inhalte werden dann umgehend gepr\u00fcft und gel\u00f6scht. Erfolgt trotzdem eine Abmahnung mit Kostennote \u2013 besonders ohne vorherige Kontaktaufnahme \u2013 wird diese im vollem Umfang mit Bezug auf diesen Hinweis zur\u00fcckgewiesen und gegebenenfalls Gegenklage eingereicht.<\/p>\n","protected":false},"excerpt":{"rendered":"<p>Dies ist eine private \u2013 nicht kommerzielle \u2013 Homepage, daher wurde auf weitere Angaben verzichtet! Web: dg2bsl.de eM\u00fcll: k o n t a k t 2 0 2 2 (\u00e4tt) d g 2 b s l (Punkt) de Nutzung der angegebenen Daten: Die Daten (inkl. der Daten aus der Whois-Datenbank) dienen ausschliesslich zur Kontaktaufnahme. Die &hellip; <\/p>\n<p class=\"link-more\"><a href=\"https:\/\/www.dg2bsl.de\/cms\/kontakt\/\" class=\"more-link\"><span class=\"screen-reader-text\">\u201eKontakt\u201c<\/span> weiterlesen<\/a><\/p>\n","protected":false},"author":1,"featured_media":0,"parent":0,"menu_order":4,"comment_status":"closed","ping_status":"closed","template":"","meta":{"ngg_post_thumbnail":0,"footnotes":""},"class_list":["post-14","page","type-page","status-publish","hentry"],"_links":{"self":[{"href":"https:\/\/www.dg2bsl.de\/cms\/wp-json\/wp\/v2\/pages\/14","targetHints":{"allow":["GET"]}}],"collection":[{"href":"https:\/\/www.dg2bsl.de\/cms\/wp-json\/wp\/v2\/pages"}],"about":[{"href":"https:\/\/www.dg2bsl.de\/cms\/wp-json\/wp\/v2\/types\/page"}],"author":[{"embeddable":true,"href":"https:\/\/www.dg2bsl.de\/cms\/wp-json\/wp\/v2\/users\/1"}],"replies":[{"embeddable":true,"href":"https:\/\/www.dg2bsl.de\/cms\/wp-json\/wp\/v2\/comments?post=14"}],"version-history":[{"count":6,"href":"https:\/\/www.dg2bsl.de\/cms\/wp-json\/wp\/v2\/pages\/14\/revisions"}],"predecessor-version":[{"id":214,"href":"https:\/\/www.dg2bsl.de\/cms\/wp-json\/wp\/v2\/pages\/14\/revisions\/214"}],"wp:attachment":[{"href":"https:\/\/www.dg2bsl.de\/cms\/wp-json\/wp\/v2\/media?parent=14"}],"curies":[{"name":"wp","href":"https:\/\/api.w.org\/{rel}","templated":true}]}}