{"id":12,"date":"2017-05-01T00:23:25","date_gmt":"2017-04-30T22:23:25","guid":{"rendered":"https:\/\/www.dg2bsl.de\/cms\/?page_id=12"},"modified":"2022-09-06T21:16:57","modified_gmt":"2022-09-06T19:16:57","slug":"links","status":"publish","type":"page","link":"https:\/\/www.dg2bsl.de\/cms\/links\/","title":{"rendered":"Links"},"content":{"rendered":"<p><a name=\"anfang\"><\/a><br \/>\n<strong>\u00dcbersicht der Link-Kategorien:<\/strong><br \/>\n<sup><a href=\"#verbaende-organisationen\">Verb\u00e4nde und Organisationen<\/a> | <a href=\"#fachmagazine-infoseiten\">Fachmagazine und Informationsseiten<\/a> | <a href=\"#hersteller\">Hersteller<\/a> | <a href=\"#haendler\">H\u00e4ndler<\/a><br \/>\n<a href=\"#vereine\">Vereine und Gruppen<\/a> | <a href=\"#facebook-gruppen\">Facebook-Gruppen<\/a><\/sup><br \/>\n<!--\n<strong>C4FM Informationsseite<\/strong> <a href=\"https:\/\/c4fm.amateurfunk.click\" target=\"_blank\" rel=\"noopener\">c4fm.amateurfunk.click<\/a>\n<strong>Wires-X Informationsseite<\/strong> <a href=\"https:\/\/wiresx.amateurfunk.click\" target=\"_blank\" rel=\"noopener\">wiresx.amateurfunk.click<\/a>\n<strong>CB-Funk Informationsseite<\/strong> <a href=\"https:\/\/www.cb-radio.info\" target=\"_blank\" rel=\"noopener\">www.cb-radio.info<\/a>\n--><\/p>\n<p><strong>Antiviren-Programm<\/strong><\/p>\n<ul>\n<li><a href=\"http:\/\/www.avast.com\/get\/hAk6K8VH\" target=\"_blank\" rel=\"noopener\">Avast free Antivirus (Mac und Windows PC)<\/a><\/li>\n<\/ul>\n<p><a name=\"fachmagazine-infoseiten\"><\/a><br \/>\n<strong>Fachmagazine und weitere Informationsseiten<\/strong><br \/>\n<ul class=\"simple-links-list\" ><li class=\"simple-links-item simple-links-shortcode-item\" id=\"link-100\"><a href=\"https:\/\/www.facebook.com\/groups\/hammac\/\" target=\"_blank\" title=\"\" >Amateurfunk mit Apple \/ MacOS & iOS<\/a><\/li><li class=\"simple-links-item simple-links-shortcode-item\" id=\"link-92\"><a href=\"http:\/\/www.amateurfunk-oldenburg.de\" target=\"_blank\" title=\"\" >Amateurfunk Oldenburg<\/a><\/li><li class=\"simple-links-item simple-links-shortcode-item\" id=\"link-134\"><a href=\"http:\/\/www.darc.de\/aktuelles\/deutschland-rundspruch\/\" target=\"_blank\" title=\"\" >DARC \u2013 Deutschland-Rundspruch<\/a><\/li><li class=\"simple-links-item simple-links-shortcode-item\" id=\"link-130\"><a href=\"http:\/\/www.funk-news.de\" target=\"_blank\" title=\"\" >Funk-News \u2013 Nachrichten aus der Welt des Amateurfunk<\/a><\/li><li class=\"simple-links-item simple-links-shortcode-item\" id=\"link-166\"><a href=\"http:\/\/www.funkamateur.de\" target=\"_blank\" title=\"\" >Funkamateur Fachmagazin<\/a><\/li><li class=\"simple-links-item simple-links-shortcode-item\" id=\"link-154\"><a href=\"http:\/\/www.funknachrichten.at\" target=\"_blank\" title=\"\" >Funknachrichten.at \u2013 News f\u00fcr \u00d6sterreich von OE3SOB<\/a><\/li><li class=\"simple-links-item simple-links-shortcode-item\" id=\"link-128\"><a href=\"http:\/\/www.ham-spirit.de\" target=\"_blank\" title=\"\" >Ham-Spirit \u2013 Kleinanzeigenmarkt f\u00fcr Funk und Technik<\/a><\/li><li class=\"simple-links-item simple-links-shortcode-item\" id=\"link-173\"><a href=\"https:\/\/www.pskreporter.info\/pskmap.html\" target=\"_blank\" title=\"\" >PSK Reporter Karte<\/a><\/li><li class=\"simple-links-item simple-links-shortcode-item\" id=\"link-140\"><a href=\"http:\/\/simonthewizard.com\" target=\"_blank\" title=\"\" >Simon The Wizard \u2013 CB Radio and Amateur Radio News, Reviews, \u2026<\/a><\/li><li class=\"simple-links-item simple-links-shortcode-item\" id=\"link-144\"><a href=\"http:\/\/de.wikipedia.org\/wiki\/Amateurfunkdienst\" target=\"_blank\" title=\"\" >Thema: Amateurfunk auf Wikipedia<\/a><\/li><li class=\"simple-links-item simple-links-shortcode-item\" id=\"link-132\"><a href=\"http:\/\/www.vfdb.org\/index.php?option=com_vfdbrundspruch\" target=\"_blank\" title=\"\" >VFDB \u2013 Rundspruch<\/a><\/li><li class=\"simple-links-item simple-links-shortcode-item\" id=\"link-138\"><a href=\"http:\/\/www.websdr.org\" target=\"_blank\" title=\"\" >Web SDR \u2013 Funkausendungen \u00fcber das Web h\u00f6ren<\/a><\/li><li class=\"simple-links-item simple-links-shortcode-item\" id=\"link-142\"><a href=\"http:\/\/www.amateurfunkpruefung.de\/vorwort.html\" target=\"_blank\" title=\"\" >Wie werde ich Funkamateur?<\/a><\/li><li class=\"simple-links-item simple-links-shortcode-item\" id=\"link-136\"><a href=\"http:\/\/www.winlink.org\" target=\"_blank\" title=\"\" >winlink.org \u2013 RMS Express (Ham Radio Emergency eMail System)<\/a><\/li><\/ul><!-- End .simple-links-list --><br \/>\n<a href=\"#anfang\">nach oben<\/a><\/p>\n<p><a name=\"verbaende-organisationen\"><\/a><br \/>\n<strong>Verb\u00e4nde und Organisationen<\/strong><br \/>\n<ul class=\"simple-links-list\" ><li class=\"simple-links-item simple-links-shortcode-item\" id=\"link-146\"><a href=\"http:\/\/www.aatis.de\" target=\"_blank\" title=\"\" >AATiS e.V. \u2013 Arbeitskreis Amateurfunk und Telekommunikation in der Schule e.V.<\/a><\/li><li class=\"simple-links-item simple-links-shortcode-item\" id=\"link-122\"><a href=\"http:\/\/www.afcd.de\" target=\"_blank\" title=\"\" >AFCD \u2013 Amateurfunk Club Deutschland e.V.<\/a><\/li><li class=\"simple-links-item simple-links-shortcode-item\" id=\"link-164\"><a href=\"http:\/\/www.bundesnetzagentur.de\" target=\"_blank\" title=\"\" >Bundesnetzagentur (BNetzA) \u2013 Aufsichtsbeh\u00f6rde Deutschland<\/a><\/li><li class=\"simple-links-item simple-links-shortcode-item\" id=\"link-150\"><a href=\"http:\/\/www.darc.de\" target=\"_blank\" title=\"\" >DARC \u2013 Deutscher Amateur-Radio-Club e. V.<\/a><\/li><li class=\"simple-links-item simple-links-shortcode-item\" id=\"link-148\"><a href=\"http:\/\/www.etsi.org\" target=\"_blank\" title=\"\" >ETSI \u2013 the European Telecommunications Standards Institute<\/a><\/li><li class=\"simple-links-item simple-links-shortcode-item\" id=\"link-124\"><a href=\"http:\/\/www.eurao.org\" target=\"_blank\" title=\"\" >EURAO \u2013 Europ\u00e4ische Organisation der Funkamateure<\/a><\/li><li class=\"simple-links-item simple-links-shortcode-item\" id=\"link-152\"><a href=\"http:\/\/www.itu.int\" target=\"_blank\" title=\"\" >International Telecommunication Union (ITU)<\/a><\/li><li class=\"simple-links-item simple-links-shortcode-item\" id=\"link-126\"><a href=\"http:\/\/www.uska.ch\" target=\"_blank\" title=\"\" >USKA \u2013 Union schweizerischer Kurzwellen-Amateure<\/a><\/li><li class=\"simple-links-item simple-links-shortcode-item\" id=\"link-96\"><a href=\"http:\/\/www.vfdb.org\" target=\"_blank\" title=\"\" >VFDB \u2013 Verband der Funkamateure in Telekommunikation und Post e.V.<\/a><\/li><\/ul><!-- End .simple-links-list --><br \/>\n<a href=\"#anfang\">nach oben<\/a><\/p>\n<p><a name=\"vereine\"><\/a><br \/>\n<strong>Vereine und Gruppen<\/strong><br \/>\n<ul class=\"simple-links-list\" ><li class=\"simple-links-item simple-links-shortcode-item\" id=\"link-122\"><a href=\"http:\/\/www.afcd.de\" target=\"_blank\" title=\"\" >AFCD \u2013 Amateurfunk Club Deutschland e.V.<\/a><\/li><li class=\"simple-links-item simple-links-shortcode-item\" id=\"link-92\"><a href=\"http:\/\/www.amateurfunk-oldenburg.de\" target=\"_blank\" title=\"\" >Amateurfunk Oldenburg<\/a><\/li><li class=\"simple-links-item simple-links-shortcode-item\" id=\"link-150\"><a href=\"http:\/\/www.darc.de\" target=\"_blank\" title=\"\" >DARC \u2013 Deutscher Amateur-Radio-Club e. V.<\/a><\/li><li class=\"simple-links-item simple-links-shortcode-item\" id=\"link-96\"><a href=\"http:\/\/www.vfdb.org\" target=\"_blank\" title=\"\" >VFDB \u2013 Verband der Funkamateure in Telekommunikation und Post e.V.<\/a><\/li><\/ul><!-- End .simple-links-list --><br \/>\n<a href=\"#anfang\">nach oben<\/a><\/p>\n<p><a name=\"facebook-gruppen\"><\/a><br \/>\n<strong>Facebook-Gruppen<\/strong><br \/>\n<ul class=\"simple-links-list\" ><li class=\"simple-links-item simple-links-shortcode-item\" id=\"link-94\"><a href=\"https:\/\/www.facebook.com\/groups\/491389601040581\/\" target=\"_blank\" title=\"\" >Amateurfunk-Oldenburg (DARC e.V.)<\/a><\/li><li class=\"simple-links-item simple-links-shortcode-item\" id=\"link-102\"><a href=\"https:\/\/www.facebook.com\/groups\/317918858230335\/\" target=\"_blank\" title=\"\" >CB-Funk \/ Amateurfunk An- und Verkaufen oder Tauschen B\u00f6rse - Facebook<\/a><\/li><li class=\"simple-links-item simple-links-shortcode-item\" id=\"link-98\"><a href=\"https:\/\/www.facebook.com\/groups\/darcev\/\" target=\"_blank\" title=\"\" >DARC \u2013 Deutscher Amateur Radio Club e.V. - Facebook<\/a><\/li><\/ul><!-- End .simple-links-list --><br \/>\n<a href=\"#anfang\">nach oben<\/a><\/p>\n<p><a name=\"hersteller\"><\/a><br \/>\n<strong>Hersteller<\/strong><br \/>\n<ul class=\"simple-links-list\" ><li class=\"simple-links-item simple-links-shortcode-item\" id=\"link-108\"><a href=\"http:\/\/www.cushcraftamateur.com\" target=\"_blank\" title=\"\" >Cushcraft \u2013 Antennen<\/a><\/li><li class=\"simple-links-item simple-links-shortcode-item\" id=\"link-112\"><a href=\"http:\/\/www.diamond-ant.co.jp\/english\/index.html\" target=\"_blank\" title=\"\" >Diamond Antenna Corporation<\/a><\/li><li class=\"simple-links-item simple-links-shortcode-item\" id=\"link-118\"><a href=\"http:\/\/www.hofi.de\/index.php?lang=de\" target=\"_blank\" title=\"\" >hofi Hochfrequenztechnik GmbH & Co. KG \u2013 Fritzel Antennen und Versatower<\/a><\/li><li class=\"simple-links-item simple-links-shortcode-item\" id=\"link-116\"><a href=\"http:\/\/www.kenwood.de\/comm\/\" target=\"_blank\" title=\"\" >Kenwood Funkger\u00e4te<\/a><\/li><li class=\"simple-links-item simple-links-shortcode-item\" id=\"link-110\"><a href=\"http:\/\/www.mfjenterprises.com\" target=\"_blank\" title=\"\" >MFJ Enterprises Inc. \u2013 Messger\u00e4te, Antennen, etc.<\/a><\/li><li class=\"simple-links-item simple-links-shortcode-item\" id=\"link-162\"><a href=\"http:\/\/www.team-electronic.de\/index1.htm\" target=\"_blank\" title=\"\" >Team Electronic<\/a><\/li><li class=\"simple-links-item simple-links-shortcode-item\" id=\"link-104\"><a href=\"http:\/\/www.wimo.de\" target=\"_blank\" title=\"\" >WiMo Antennen und Elektronik GmbH<\/a><\/li><li class=\"simple-links-item simple-links-shortcode-item\" id=\"link-114\"><a href=\"http:\/\/www.yaesu.com\" target=\"_blank\" title=\"\" >Yaesu Funkger\u00e4te<\/a><\/li><\/ul><!-- End .simple-links-list --><br \/>\n<a href=\"#anfang\">nach oben<\/a><\/p>\n<p><a name=\"haendler\"><\/a><br \/>\n<strong>H\u00e4ndler<\/strong><br \/>\n<ul class=\"simple-links-list\" ><li class=\"simple-links-item simple-links-shortcode-item\" id=\"link-158\"><a href=\"http:\/\/www.bensons-funktechnik.de\" target=\"_blank\" title=\"\" >Benson\u2019s Funktechnik (Inh. J\u00f6rn Hofmann)<\/a><\/li><li class=\"simple-links-item simple-links-shortcode-item\" id=\"link-118\"><a href=\"http:\/\/www.hofi.de\/index.php?lang=de\" target=\"_blank\" title=\"\" >hofi Hochfrequenztechnik GmbH & Co. KG \u2013 Fritzel Antennen und Versatower<\/a><\/li><li class=\"simple-links-item simple-links-shortcode-item\" id=\"link-120\"><a href=\"http:\/\/www.kabel-kusch.de\" target=\"_blank\" title=\"\" >Kabel Kusch \u2013 Die Adresse f\u00fcr Kabel und Zubeh\u00f6r<\/a><\/li><li class=\"simple-links-item simple-links-shortcode-item\" id=\"link-160\"><a href=\"http:\/\/www.maas-elektronik.com\" target=\"_blank\" title=\"\" >Maas Elektronik Funk Importeur<\/a><\/li><li class=\"simple-links-item simple-links-shortcode-item\" id=\"link-156\"><a href=\"http:\/\/www.neuner.de\" target=\"_blank\" title=\"\" >Neuner \u2013 Funk (Inh. Markus Neuner)<\/a><\/li><li class=\"simple-links-item simple-links-shortcode-item\" id=\"link-106\"><a href=\"http:\/\/www.on-radio-shop.de\" target=\"_blank\" title=\"\" >on-radio-shop \u2013 Inh. Christian Aigner<\/a><\/li><li class=\"simple-links-item simple-links-shortcode-item\" id=\"link-104\"><a href=\"http:\/\/www.wimo.de\" target=\"_blank\" title=\"\" >WiMo Antennen und Elektronik GmbH<\/a><\/li><\/ul><!-- End .simple-links-list --><br \/>\n<a href=\"#anfang\">nach oben<\/a><\/p>\n","protected":false},"excerpt":{"rendered":"<p>\u00dcbersicht der Link-Kategorien: Verb\u00e4nde und Organisationen | Fachmagazine und Informationsseiten | Hersteller | H\u00e4ndler Vereine und Gruppen | Facebook-Gruppen Antiviren-Programm Avast free Antivirus (Mac und Windows PC) Fachmagazine und weitere Informationsseiten nach oben Verb\u00e4nde und Organisationen nach oben Vereine und Gruppen nach oben Facebook-Gruppen nach oben Hersteller nach oben H\u00e4ndler nach oben<\/p>\n","protected":false},"author":1,"featured_media":0,"parent":0,"menu_order":3,"comment_status":"closed","ping_status":"closed","template":"","meta":{"ngg_post_thumbnail":0,"footnotes":""},"class_list":["post-12","page","type-page","status-publish","hentry"],"_links":{"self":[{"href":"https:\/\/www.dg2bsl.de\/cms\/wp-json\/wp\/v2\/pages\/12","targetHints":{"allow":["GET"]}}],"collection":[{"href":"https:\/\/www.dg2bsl.de\/cms\/wp-json\/wp\/v2\/pages"}],"about":[{"href":"https:\/\/www.dg2bsl.de\/cms\/wp-json\/wp\/v2\/types\/page"}],"author":[{"embeddable":true,"href":"https:\/\/www.dg2bsl.de\/cms\/wp-json\/wp\/v2\/users\/1"}],"replies":[{"embeddable":true,"href":"https:\/\/www.dg2bsl.de\/cms\/wp-json\/wp\/v2\/comments?post=12"}],"version-history":[{"count":11,"href":"https:\/\/www.dg2bsl.de\/cms\/wp-json\/wp\/v2\/pages\/12\/revisions"}],"predecessor-version":[{"id":212,"href":"https:\/\/www.dg2bsl.de\/cms\/wp-json\/wp\/v2\/pages\/12\/revisions\/212"}],"wp:attachment":[{"href":"https:\/\/www.dg2bsl.de\/cms\/wp-json\/wp\/v2\/media?parent=12"}],"curies":[{"name":"wp","href":"https:\/\/api.w.org\/{rel}","templated":true}]}}